{"id":14,"date":"2016-04-20T14:01:04","date_gmt":"2016-04-20T14:01:04","guid":{"rendered":"http:\/\/www.evergreenaspa.org\/tr\/?page_id=14"},"modified":"2016-04-20T14:02:12","modified_gmt":"2016-04-20T14:02:12","slug":"about","status":"publish","type":"page","link":"http:\/\/www.evergreenaspa.org\/tr\/about\/","title":{"rendered":"Hakk\u0131nda"},"content":{"rendered":"<pre id=\"tw-target-text\" class=\"tw-data-text vk_txt tw-ta tw-text-small\" dir=\"ltr\" data-fulltext=\"\" data-placeholder=\"Translation\"><span lang=\"tr\">b\u00fct\u00fcnsel sa\u011fl\u0131k ve \u00e7evre koruma o - Evergreen Spa mant\u0131ksal iki \r\nd\u00fcnya birle\u015ftirmek i\u00e7in kurulmu\u015ftur .<\/span><\/pre>\n","protected":false},"excerpt":{"rendered":"<p>b\u00fct\u00fcnsel sa\u011fl\u0131k ve \u00e7evre koruma o &#8211; Evergreen Spa mant\u0131ksal iki d\u00fcnya birle\u015ftirmek i\u00e7in kurulmu\u015ftur .<\/p>\n","protected":false},"author":1,"featured_media":0,"parent":0,"menu_order":0,"comment_status":"closed","ping_status":"closed","template":"","meta":{"footnotes":""},"class_list":["post-14","page","type-page","status-publish","hentry"],"_links":{"self":[{"href":"http:\/\/www.evergreenaspa.org\/tr\/wp-json\/wp\/v2\/pages\/14","targetHints":{"allow":["GET"]}}],"collection":[{"href":"http:\/\/www.evergreenaspa.org\/tr\/wp-json\/wp\/v2\/pages"}],"about":[{"href":"http:\/\/www.evergreenaspa.org\/tr\/wp-json\/wp\/v2\/types\/page"}],"author":[{"embeddable":true,"href":"http:\/\/www.evergreenaspa.org\/tr\/wp-json\/wp\/v2\/users\/1"}],"replies":[{"embeddable":true,"href":"http:\/\/www.evergreenaspa.org\/tr\/wp-json\/wp\/v2\/comments?post=14"}],"version-history":[{"count":2,"href":"http:\/\/www.evergreenaspa.org\/tr\/wp-json\/wp\/v2\/pages\/14\/revisions"}],"predecessor-version":[{"id":16,"href":"http:\/\/www.evergreenaspa.org\/tr\/wp-json\/wp\/v2\/pages\/14\/revisions\/16"}],"wp:attachment":[{"href":"http:\/\/www.evergreenaspa.org\/tr\/wp-json\/wp\/v2\/media?parent=14"}],"curies":[{"name":"wp","href":"https:\/\/api.w.org\/{rel}","templated":true}]}}